{"id":1273,"date":"2021-05-25T15:21:27","date_gmt":"2021-05-25T13:21:27","guid":{"rendered":"https:\/\/www.domaine-cornu.com\/?post_type=product&#038;p=1273"},"modified":"2026-01-28T22:16:54","modified_gmt":"2026-01-28T21:16:54","slug":"bourgogne-hautes-cotes-de-beaune-blanc","status":"publish","type":"product","link":"https:\/\/www.domaine-cornu.com\/en\/vins\/bourgogne-hautes-cotes-de-beaune-blanc\/","title":{"rendered":"Bourgogne Hautes C\u00f4tes de Beaune"},"content":{"rendered":"<div class=\"fusion-fullwidth fullwidth-box fusion-builder-row-1 fusion-flex-container nonhundred-percent-fullwidth non-hundred-percent-height-scrolling\" style=\"--awb-border-radius-top-left:0px;--awb-border-radius-top-right:0px;--awb-border-radius-bottom-right:0px;--awb-border-radius-bottom-left:0px;--awb-flex-wrap:wrap;\" ><div class=\"fusion-builder-row fusion-row fusion-flex-align-items-flex-start fusion-flex-content-wrap\" style=\"max-width:1248px;margin-left: calc(-4% \/ 2 );margin-right: calc(-4% \/ 2 );\"><div class=\"fusion-layout-column fusion_builder_column fusion-builder-column-0 fusion_builder_column_1_1 1_1 fusion-flex-column\" style=\"--awb-bg-size:cover;--awb-width-large:100%;--awb-margin-top-large:0px;--awb-spacing-right-large:1.92%;--awb-margin-bottom-large:0px;--awb-spacing-left-large:1.92%;--awb-width-medium:100%;--awb-spacing-right-medium:1.92%;--awb-spacing-left-medium:1.92%;--awb-width-small:100%;--awb-spacing-right-small:1.92%;--awb-spacing-left-small:1.92%;\"><div class=\"fusion-column-wrapper fusion-flex-justify-content-flex-start fusion-content-layout-column\"><div class=\"fusion-text fusion-text-1\"><p>L\u2019appellation Bourgogne Hautes Cotes de Beaune n\u00e9e officiellement en 1961 est un vins blanc issus du c\u00e9page 100% chardonnay.<br \/>\nCes ar\u00f4mes de fleurs blanches s\u2019associent au miel. El\u00e9gant, aimable il garde la fraicheur du c\u00e9page.<br \/>\nLa vivacit\u00e9 de sa jeunesse s\u2019associera tr\u00e8s bien avec des escargots.il embellira les plats simples comme les poissons ou woks de l\u00e9gumes. Un peu plus vieux, sa rondeur et sa densit\u00e9 croissante mettront en valeur des plats plus riches comme des poissons en sauce ou des crustac\u00e9s.<\/p>\n<\/div><\/div><\/div><\/div><\/div>\n","protected":false},"excerpt":{"rendered":"<p>L\u2019appellation Bourgogne Hautes Cotes de Beaune n\u00e9e officiellement en 1961 est un vins blanc issus du c\u00e9page 100% chardonnay.<br \/>\nCes ar\u00f4mes de fleurs blanches s\u2019associent au miel. El\u00e9gant, aimable il garde la fraicheur du c\u00e9page.<br \/>\nLa vivacit\u00e9 de sa jeunesse s\u2019associera tr\u00e8s bien avec des escargots.il embellira les plats simples comme les poissons ou woks de l\u00e9gumes. Un peu plus vieux, sa rondeur et sa densit\u00e9 croissante mettront en valeur des plats plus riches comme des poissons en sauce ou des crustac\u00e9s.<\/p>\n","protected":false},"featured_media":1225,"template":"","meta":{"_seopress_robots_primary_cat":"none","_seopress_titles_title":"","_seopress_titles_desc":"","_seopress_robots_index":""},"product_brand":[],"product_cat":[103],"product_tag":[],"class_list":{"0":"post-1273","1":"product","2":"type-product","3":"status-publish","4":"has-post-thumbnail","6":"product_cat-vins-blancs","8":"first","9":"instock","10":"taxable","11":"shipping-taxable","12":"purchasable","13":"product-type-variable","14":"has-default-attributes"},"_links":{"self":[{"href":"https:\/\/www.domaine-cornu.com\/en\/wp-json\/wp\/v2\/product\/1273","targetHints":{"allow":["GET"]}}],"collection":[{"href":"https:\/\/www.domaine-cornu.com\/en\/wp-json\/wp\/v2\/product"}],"about":[{"href":"https:\/\/www.domaine-cornu.com\/en\/wp-json\/wp\/v2\/types\/product"}],"wp:featuredmedia":[{"embeddable":true,"href":"https:\/\/www.domaine-cornu.com\/en\/wp-json\/wp\/v2\/media\/1225"}],"wp:attachment":[{"href":"https:\/\/www.domaine-cornu.com\/en\/wp-json\/wp\/v2\/media?parent=1273"}],"wp:term":[{"taxonomy":"product_brand","embeddable":true,"href":"https:\/\/www.domaine-cornu.com\/en\/wp-json\/wp\/v2\/product_brand?post=1273"},{"taxonomy":"product_cat","embeddable":true,"href":"https:\/\/www.domaine-cornu.com\/en\/wp-json\/wp\/v2\/product_cat?post=1273"},{"taxonomy":"product_tag","embeddable":true,"href":"https:\/\/www.domaine-cornu.com\/en\/wp-json\/wp\/v2\/product_tag?post=1273"}],"curies":[{"name":"wp","href":"https:\/\/api.w.org\/{rel}","templated":true}]}}